{"id":2,"date":"2016-05-10T03:48:21","date_gmt":"2016-05-10T03:48:21","guid":{"rendered":"https:\/\/o-ttt-o.de\/?page_id=2"},"modified":"2023-03-24T13:00:49","modified_gmt":"2023-03-24T13:00:49","slug":"sample-page","status":"publish","type":"page","link":"https:\/\/o-ttt-o.de\/","title":{"rendered":"Startseite"},"content":{"rendered":"\n<p>Die Gruppe <span class=\"caps\">OTTTO<\/span> (Ka Bomhardt, Angela Lubi\u010d, Oliver Oefelein) hat mehrere Ausstellungsprojekte, performative Arbeiten und Aktionen im \u00f6ffentlichen Raum realisiert, u.a. in Berlin, Dresden und Hy\u00e4tam\u00e4ki (Finnland).<\/p>\n\n\n\n<div class=\"is-layout-flex wp-container-2 wp-block-columns has-2-columns\">\n<div class=\"is-layout-flow wp-block-column\">\n<p><\/p>\n<\/div>\n<\/div>\n\n\n\n<div class=\"is-layout-flex wp-container-4 wp-block-columns has-2-columns\">\n<div class=\"is-layout-flow wp-block-column\">\n<figure class=\"wp-block-image size-large\"><img decoding=\"async\" src=\"https:\/\/o-ttt-o.de\/wp-content\/uploads\/2023\/01\/Aufgaben-1024x683.jpg\" alt=\"\" class=\"wp-image-641\"\/><\/figure>\n<\/div>\n<\/div>\n","protected":false},"excerpt":{"rendered":"<p>Die Gruppe OTTTO (Ka Bomhardt, Angela Lubi\u010d, Oliver Oefelein) hat mehrere Ausstellungsprojekte, performative Arbeiten und Aktionen im \u00f6ffentlichen Raum realisiert, u.a. in Berlin, Dresden und Hy\u00e4tam\u00e4ki (Finnland).<\/p>\n","protected":false},"author":1,"featured_media":0,"parent":0,"menu_order":0,"comment_status":"closed","ping_status":"open","template":"","meta":{"ngg_post_thumbnail":0},"_links":{"self":[{"href":"https:\/\/o-ttt-o.de\/index.php?rest_route=\/wp\/v2\/pages\/2"}],"collection":[{"href":"https:\/\/o-ttt-o.de\/index.php?rest_route=\/wp\/v2\/pages"}],"about":[{"href":"https:\/\/o-ttt-o.de\/index.php?rest_route=\/wp\/v2\/types\/page"}],"author":[{"embeddable":true,"href":"https:\/\/o-ttt-o.de\/index.php?rest_route=\/wp\/v2\/users\/1"}],"replies":[{"embeddable":true,"href":"https:\/\/o-ttt-o.de\/index.php?rest_route=%2Fwp%2Fv2%2Fcomments&post=2"}],"version-history":[{"count":78,"href":"https:\/\/o-ttt-o.de\/index.php?rest_route=\/wp\/v2\/pages\/2\/revisions"}],"predecessor-version":[{"id":647,"href":"https:\/\/o-ttt-o.de\/index.php?rest_route=\/wp\/v2\/pages\/2\/revisions\/647"}],"wp:attachment":[{"href":"https:\/\/o-ttt-o.de\/index.php?rest_route=%2Fwp%2Fv2%2Fmedia&parent=2"}],"curies":[{"name":"wp","href":"https:\/\/api.w.org\/{rel}","templated":true}]}}