{"id":48,"date":"2019-12-19T17:17:22","date_gmt":"2019-12-19T17:17:22","guid":{"rendered":"https:\/\/o-ttt-o.de\/?page_id=48"},"modified":"2020-02-08T11:21:49","modified_gmt":"2020-02-08T11:21:49","slug":"vita","status":"publish","type":"page","link":"https:\/\/o-ttt-o.de\/?page_id=48","title":{"rendered":"Vita"},"content":{"rendered":"\r\n<p><span style=\"color: #808080;\">Die Gruppe OTTTO (Ka Bomhardt, Angela Lubi\u010d, Oliver Oefelein) leben und arbeiten in Berlin.<\/span><br><span style=\"color: #808080;\">Studium Mitte der 1980er und Anfang 1990er Jahre in Berlin an der UdK (vormals HdK).<\/span><br><span style=\"color: #808080;\">K\u00fcnstlerisch t\u00e4tig mit regelm\u00e4\u00dfigen Ausstellungsbeteiligungen in unterschiedlichen Konstellationen.<\/span><br><span style=\"color: #808080;\">Als Gruppe an verschiedenen Ausstellungsprojekten beteiligt seit Ende 2000.<\/span><br><span style=\"color: #808080;\">Zusammenarbeit unter dem Namen&nbsp;\u201eOTTO\u201c, \u201eOTTO denkt\u201c und \u201eOTTTO\u201c&nbsp;seit 2011<\/span><br><br><\/p>\r\n<p><span style=\"color: #808080;\">\r\n\r\n<\/span><\/p>\r\n<p><span style=\"color: #808080;\">2020&nbsp;\u201cUnsichtbarkeiten. Panorama des Verschwindens\u201d (Bomhardt\/Lubi\u010d\/Oefelein), Galerie im K\u00f6rnerpark, Berlin<\/span><br><span style=\"color: #808080;\">2014\/15 Ausstellung und Vortrag &#8222;\u00dcber L\u00e4ngen- und Breitengrade&#8220; im Museum der unerh\u00f6rten Dinge, Berlin (Bomhardt\/Lubic\/Oefelein)<\/span><br><span style=\"color: #808080;\">2014 Projektstipendium Kone Foundation Saari Residence, Finnland<\/span><br><span style=\"color: #808080;\">\u201cDer Kreuzungspunkt von Hy\u00e4tam\u00e4ki\u201d (Bomhardt\/Lubi\u010d\/Oefelein)<\/span><br><span style=\"color: #808080;\">2012&nbsp;Wettbewerb Kunst im \u00f6ffentlichen Raum \u201cUmgraben\u201d Eferding (Bomhardt\/Lubi\u010d\/Oefelein)<\/span><br><span style=\"color: #808080;\">2009&nbsp;\u201cExpedition Nord\u201d, Galerie Nord, Kunstverein Tiergarten, Berlin (Bomhardt\/Lubi\u010d\/Oefelein)<\/span><br><span style=\"color: #808080;\">2007 \u201cTRANSRAMONIEN\u201d Reise-Roman-Installation, Galerie Kunsthaus Raskolnikow, Dresden (Bomhardt\/Lubi\u010d\/Oefelein)<\/span><br><span style=\"color: #808080;\">2006&nbsp;Studienreise mit dem Fahrrad durch den Nordosten Rum\u00e4niens (Bomhardt\/Lubi\u010d\/Oefelein)<\/span><strong><br><\/strong>2008&nbsp;\u201cSchaum und Schein\u201d, Stiftung Syltquelle, Sylt (Bomhardt\/Oefelein)<br>2000&nbsp;\u201cBerliner Zimmer\u201d Galerie Vanguardia, Bilbao (Bomhardt\/Oefelein)<br>1997&nbsp;Galerie Rothe, Gruppenausstellung (Bomhardt\/Oefelein und andere)<br>1997&nbsp;Gemeinsamer Super 8-Film, NBK Berlin (Bomhardt\/Oefelein)<br>1993&nbsp;\u201cNeun Positionen\u201d, Technisches Nationalmuseum Prag (Oefelein\/Bomhardt\/<span style=\"color: #808080;\">Lubi\u010d<\/span>&nbsp;und andere)<br>1995&nbsp;\u201cStandpunkte\u201d, gemeinsame Installation bei Galerie Raphael Vostell (Bomhardt\/Oefelein)<br>1994 \u201cDutt\u201d, Ortsbezogenes Ausstellungsprojekt Prenzlauer Berg, Berlin (Bomhardt\/<span style=\"color: #808080;\"> (Bomhardt\/Lubi\u010d<\/span>\/Oefelein und andere)<br>1992&nbsp;Galerie Westernhagen, K\u00f6ln (Bomhardt\/Oefelein)<br>1992&nbsp;\u201cCamping\u201d, Ausstellung in 3 Modellen, (Bomhardt<span style=\"color: #808080;\">\/Lubi\u010d\/Oefelein<\/span>&nbsp;und andere)<br>1988&nbsp;Er\u00f6ffnung der Eisenhalle, Berlin (Bomhardt\/Oefelein u.a.)<br><br><\/p>\r\n","protected":false},"excerpt":{"rendered":"<p>Die Gruppe OTTTO (Ka Bomhardt, Angela Lubi\u010d, Oliver Oefelein) leben und arbeiten in Berlin.Studium Mitte der 1980er und Anfang 1990er Jahre in Berlin an der UdK (vormals HdK).K\u00fcnstlerisch t\u00e4tig mit &#8230;<\/p>\n","protected":false},"author":1,"featured_media":0,"parent":0,"menu_order":0,"comment_status":"closed","ping_status":"closed","template":"","meta":{"ngg_post_thumbnail":0},"_links":{"self":[{"href":"https:\/\/o-ttt-o.de\/index.php?rest_route=\/wp\/v2\/pages\/48"}],"collection":[{"href":"https:\/\/o-ttt-o.de\/index.php?rest_route=\/wp\/v2\/pages"}],"about":[{"href":"https:\/\/o-ttt-o.de\/index.php?rest_route=\/wp\/v2\/types\/page"}],"author":[{"embeddable":true,"href":"https:\/\/o-ttt-o.de\/index.php?rest_route=\/wp\/v2\/users\/1"}],"replies":[{"embeddable":true,"href":"https:\/\/o-ttt-o.de\/index.php?rest_route=%2Fwp%2Fv2%2Fcomments&post=48"}],"version-history":[{"count":14,"href":"https:\/\/o-ttt-o.de\/index.php?rest_route=\/wp\/v2\/pages\/48\/revisions"}],"predecessor-version":[{"id":458,"href":"https:\/\/o-ttt-o.de\/index.php?rest_route=\/wp\/v2\/pages\/48\/revisions\/458"}],"wp:attachment":[{"href":"https:\/\/o-ttt-o.de\/index.php?rest_route=%2Fwp%2Fv2%2Fmedia&parent=48"}],"curies":[{"name":"wp","href":"https:\/\/api.w.org\/{rel}","templated":true}]}}