{"id":68,"date":"2019-12-19T18:19:59","date_gmt":"2019-12-19T18:19:59","guid":{"rendered":"https:\/\/o-ttt-o.de\/?page_id=68"},"modified":"2019-12-29T19:23:22","modified_gmt":"2019-12-29T19:23:22","slug":"datenschutz","status":"publish","type":"page","link":"https:\/\/o-ttt-o.de\/?page_id=68","title":{"rendered":"Datenschutz"},"content":{"rendered":"\r\n<p>Verantwortlich f\u00fcr den Inhalt der Website:<br><br>Ka Bomhardt&nbsp;<br>Pappelallee 5A&nbsp;<br>10437 Berlin&nbsp;<br><a href=\"http:\/\/www.kabomhardt.de\/\">www.kabomhardt.de<\/a><br>info@kabomhardt.de<\/p>\r\n\r\n\r\n\r\n<p>Angela Lubic<br>Bethaniendamm 61A<br>10999 Berlin<br><a href=\"http:\/\/www.angela-lubic.de\/\">www.angela-lubic.de<\/a><br><a>contact@angela-lubic.de<\/a><\/p>\r\n\r\n\r\n\r\n<p>Oliver Oefelein<br>Helenenhof 5<br>10245 Berlin&nbsp;&nbsp;&nbsp;&nbsp;&nbsp;<br><a href=\"http:\/\/www.oefelein.net\/\">www.oefelein.net<\/a>&nbsp;&nbsp;&nbsp;&nbsp;&nbsp;&nbsp;&nbsp;<br>post@oliveroefelein.de<\/p>\r\n\r\n\r\n\r\n<p><br>Link zum <a href=\"https:\/\/o-ttt-o.de\/?page_id=66\">Impressum<\/a><\/p>\r\n\r\n\r\n\r\n<p><strong>Datenschutz<br><\/strong>Die Betreiber dieser Seiten nehmen den Schutz Ihrer pers\u00f6nlichen Daten sehr ernst. Wir behandeln Ihre personenbezogenen Daten vertraulich und entsprechend der gesetzlichen Datenschutzvorschriften sowie dieser Datenschutzerkl\u00e4rung.<\/p>\r\n\r\n\r\n\r\n<p>Die Nutzung unserer Website ist in der Regel ohne Angabe personenbezogener Daten m\u00f6glich. Soweit auf unseren Seiten personenbezogene Daten (beispielsweise Name, Anschrift oder E-Mail-Adressen) erhoben werden, erfolgt dies, soweit m\u00f6glich, stets auf freiwilliger Basis. Diese Daten werden ohne Ihre ausdr\u00fcckliche Zustimmung nicht an Dritte weitergegeben.<\/p>\r\n\r\n\r\n\r\n<p>Wir weisen darauf hin, dass die Daten\u00fcbertragung im Internet (z.B. bei der Kommunikation per E-Mail) Sicherheitsl\u00fccken aufweisen kann. Ein l\u00fcckenloser Schutz der Daten vor dem Zugriff durch Dritte ist nicht m\u00f6glich.<\/p>\r\n\r\n\r\n\r\n<p><strong>Cookies<br><\/strong>Die Internetseiten verwenden teilweise so genannte Cookies. Cookies richten auf Ihrem Rechner keinen Schaden an und enthalten keine Viren. Cookies dienen dazu, unser Angebot nutzerfreundlicher, effektiver und sicherer zu machen. Cookies sind kleine Textdateien, die auf Ihrem Rechner abgelegt werden und die Ihr Browser speichert.<\/p>\r\n\r\n\r\n\r\n<p>Die meisten der von uns verwendeten Cookies sind so genannte \u201eSession-Cookies\u201c. Sie werden nach Ende Ihres Besuchs automatisch gel\u00f6scht. Andere Cookies bleiben auf Ihrem Endger\u00e4t gespeichert, bis Sie diese l\u00f6schen. Diese Cookies erm\u00f6glichen es uns, Ihren Browser beim n\u00e4chsten Besuch wiederzuerkennen.<\/p>\r\n\r\n\r\n\r\n<p>Sie k\u00f6nnen Ihren Browser so einstellen, dass Sie \u00fcber das Setzen von Cookies informiert werden und Cookies nur im Einzelfall erlauben, die Annahme von Cookies f\u00fcr bestimmte F\u00e4lle oder generell ausschlie\u00dfen sowie das automatische L\u00f6schen der Cookies beim Schlie\u00dfen des Browser aktivieren. Bei der Deaktivierung von Cookies kann die Funktionalit\u00e4t dieser Website eingeschr\u00e4nkt sein.<\/p>\r\n\r\n\r\n\r\n<p><strong>Server-Log-<\/strong><strong>Files<br><\/strong>Der Provider der Seiten erhebt und speichert automatisch Informationen in so genannten Server-Log Files, die Ihr Browser automatisch an uns \u00fcbermittelt. Dies sind:<\/p>\r\n\r\n\r\n\r\n<ul>\r\n<li>Browsertyp und Browserversion<\/li>\r\n<li>verwendetes Betriebssystem<\/li>\r\n<li>Referrer URL<\/li>\r\n<li>Hostname des zugreifenden Rechners<\/li>\r\n<li>Uhrzeit der Serveranfrage<\/li>\r\n<\/ul>\r\n\r\n\r\n\r\n<p>Diese Daten sind nicht bestimmten Personen zuordenbar. Eine Zusammenf\u00fchrung dieser Daten mit anderen Datenquellen wird nicht vorgenommen. Wir behalten uns vor, diese Daten nachtr\u00e4glich zu pr\u00fcfen, wenn uns konkrete Anhaltspunkte f\u00fcr eine rechtswidrige Nutzung bekannt werden.<\/p>\r\n\r\n\r\n\r\n<p><strong>Kontaktformular<br><\/strong>Wenn Sie mir per Kontaktformular Anfragen zukommen lassen, werden Ihre Angaben aus dem Anfrageformular inklusive der von Ihnen dort angegebenen Kontaktdaten zwecks Bearbeitung der Anfrage und f\u00fcr den Fall von Anschlussfragen bei mir gespeichert. Diese Daten gebe ich nicht ohne Ihre Einwilligung weiter.<\/p>\r\n\r\n\r\n\r\n<p><strong>Instagram<br><\/strong>Auf meiner Instagram&nbsp;Seite sind Funktionen des Dienstes Instagram eingebunden. Diese Funktionen werden angeboten durch die Instagram Inc., 1601 Willow Road, Menlo Park, CA, 94025, USA. Wenn Sie in Ihrem Instagram-Account eingeloggt sind k\u00f6nnen Sie durch Anklicken des Instagram-Buttons die Inhalte meiner&nbsp;Seiten mit Ihrem Instagram-Profil verlinken. Dadurch kann Instagram den Besuch meiner&nbsp;Seiten Ihrem Benutzerkonto zuordnen. Ich weise&nbsp;darauf hin, dass ich als Anbieter der Seiten keine Kenntnis vom Inhalt der \u00fcbermittelten Daten sowie deren Nutzung durch Instagram erhalte.<\/p>\r\n\r\n\r\n\r\n<p>Weitere Informationen hierzu finden Sie in der Datenschutzerkl\u00e4rung von Instagram:&nbsp;<em><a href=\"https:\/\/instagram.com\/about\/legal\/privacy\/\" target=\"_blank\" rel=\"noreferrer noopener\">https:\/\/instagram.com\/about\/legal\/privacy\/<\/a><\/em><\/p>\r\n\r\n\r\n\r\n<p><strong>SSL Verschl\u00fcsselung<br><\/strong>Diese Seite nutzt aus Gr\u00fcnden der Sicherheit und zum Schutz der \u00dcbertragung vertraulicher Inhalte, wie zum Beispiel der Anfragen, die Sie an uns als Seitenbetreiber senden, eine SSL-Verschl\u00fcsselung. Eine verschl\u00fcsselte Verbindung erkennen Sie daran, dass die Adresszeile des Browsers von \u201ehttp:\/\/\u201c auf \u201ehttps:\/\/\u201c wechselt und an dem Schloss-Symbol in Ihrer Browserzeile.<\/p>\r\n\r\n\r\n\r\n<p>Wenn die SSL Verschl\u00fcsselung aktiviert ist, k\u00f6nnen die Daten, die Sie an uns \u00fcbermitteln, nicht von Dritten mitgelesen werden.<\/p>\r\n\r\n\r\n\r\n<p><strong>Recht auf Auskunft, L\u00f6schung, Sperrung<br><\/strong>Sie haben jederzeit das Recht auf unentgeltliche Auskunft \u00fcber Ihre gespeicherten personenbezogenen Daten, deren Herkunft und Empf\u00e4nger und den Zweck der Datenverarbeitung sowie ein Recht auf Berichtigung, Sperrung oder L\u00f6schung dieser Daten. Hierzu sowie zu weiteren Fragen zum Thema personenbezogene Daten k\u00f6nnen Sie sich jederzeit unter der im Impressum angegebenen Adresse an mich wenden.<\/p>\r\n\r\n\r\n\r\n<p><strong>Widerspruch Werbe-Mails<br><\/strong>Der Nutzung von im Rahmen der Impressumspflicht ver\u00f6ffentlichten Kontaktdaten zur \u00dcbersendung von nicht ausdr\u00fccklich angeforderter Werbung und Informationsmaterialien wird hiermit widersprochen. Die Betreiber der Seiten behalten sich ausdr\u00fccklich rechtliche Schritte im Falle der unverlangten Zusendung von Werbeinformationen, etwa durch Spam-E-Mails, vor.<\/p>\r\n\r\n\r\n\r\n<p>Quelle:&nbsp;<em><a href=\"https:\/\/www.e-recht24.de\/\">e-recht24.de<\/a><\/em>, bearbeitet durch die Betreiber dieser Seite<\/p>\r\n","protected":false},"excerpt":{"rendered":"<p>Verantwortlich f\u00fcr den Inhalt der Website: Ka Bomhardt&nbsp;Pappelallee 5A&nbsp;10437 Berlin&nbsp;www.kabomhardt.deinfo@kabomhardt.de Angela LubicBethaniendamm 61A10999 Berlinwww.angela-lubic.decontact@angela-lubic.de Oliver OefeleinHelenenhof 510245 Berlin&nbsp;&nbsp;&nbsp;&nbsp;&nbsp;www.oefelein.net&nbsp;&nbsp;&nbsp;&nbsp;&nbsp;&nbsp;&nbsp;post@oliveroefelein.de Link zum Impressum DatenschutzDie Betreiber dieser Seiten nehmen den Schutz Ihrer pers\u00f6nlichen &#8230;<\/p>\n","protected":false},"author":1,"featured_media":0,"parent":0,"menu_order":0,"comment_status":"closed","ping_status":"closed","template":"","meta":{"ngg_post_thumbnail":0},"_links":{"self":[{"href":"https:\/\/o-ttt-o.de\/index.php?rest_route=\/wp\/v2\/pages\/68"}],"collection":[{"href":"https:\/\/o-ttt-o.de\/index.php?rest_route=\/wp\/v2\/pages"}],"about":[{"href":"https:\/\/o-ttt-o.de\/index.php?rest_route=\/wp\/v2\/types\/page"}],"author":[{"embeddable":true,"href":"https:\/\/o-ttt-o.de\/index.php?rest_route=\/wp\/v2\/users\/1"}],"replies":[{"embeddable":true,"href":"https:\/\/o-ttt-o.de\/index.php?rest_route=%2Fwp%2Fv2%2Fcomments&post=68"}],"version-history":[{"count":6,"href":"https:\/\/o-ttt-o.de\/index.php?rest_route=\/wp\/v2\/pages\/68\/revisions"}],"predecessor-version":[{"id":354,"href":"https:\/\/o-ttt-o.de\/index.php?rest_route=\/wp\/v2\/pages\/68\/revisions\/354"}],"wp:attachment":[{"href":"https:\/\/o-ttt-o.de\/index.php?rest_route=%2Fwp%2Fv2%2Fmedia&parent=68"}],"curies":[{"name":"wp","href":"https:\/\/api.w.org\/{rel}","templated":true}]}}