{"id":8,"date":"2019-12-19T16:34:55","date_gmt":"2019-12-19T16:34:55","guid":{"rendered":"https:\/\/o-ttt-o.de\/?page_id=8"},"modified":"2020-06-06T10:09:01","modified_gmt":"2020-06-06T10:09:01","slug":"transramonien","status":"publish","type":"page","link":"https:\/\/o-ttt-o.de\/?page_id=8","title":{"rendered":"Transramonien"},"content":{"rendered":"<p><img decoding=\"async\" loading=\"lazy\" class=\"wp-image-356 alignleft\" src=\"https:\/\/o-ttt-o.de\/wp-content\/uploads\/2019\/12\/Postkarte_VS.jpg\" alt=\"\" width=\"569\" height=\"426\" srcset=\"https:\/\/o-ttt-o.de\/wp-content\/uploads\/2019\/12\/Postkarte_VS.jpg 1747w, https:\/\/o-ttt-o.de\/wp-content\/uploads\/2019\/12\/Postkarte_VS-300x225.jpg 300w, https:\/\/o-ttt-o.de\/wp-content\/uploads\/2019\/12\/Postkarte_VS-768x575.jpg 768w, https:\/\/o-ttt-o.de\/wp-content\/uploads\/2019\/12\/Postkarte_VS-1024x767.jpg 1024w\" sizes=\"(max-width: 569px) 100vw, 569px\" \/><strong>TRANSRAMONIEN<\/strong><br \/>\n<a href=\"http:\/\/galerie-raskolnikow.de\/07_transramonien.html\">Galerie Raskolnikow<\/a>, Dresden,&nbsp;2007<\/p>\n<p><em>\u201eDer Fremde ist nicht nur in der Fremde fremd,\u201c OTTTO frei nach Karl Valentin<\/em><\/p>\n<p>Unserer Ausstellungsidee ging eine gemeinsame Fahrradtour im Sommer 2006 durch den nahe an Ungarn und der Ukraine liegenden Nordwesten Rum\u00e4niens voraus, mit anschlie\u00dfendem Internationalem Art-Camp in Ungarn.&nbsp;Transramonien steht nicht nur als Begriff f\u00fcr einen m\u00f6glichen Ort, sondern auch als Sinnbild f\u00fcr das, was einem fremd erscheint. Eine Sammlung von Reiseeindr\u00fccken mischt sich mit den k\u00fcnstlerischen Vorstellungen; Geschichten werden entwickelt, die sich zu einer Illusion einer transramonischen Realit\u00e4t in den K\u00f6pfen der Betrachter zusammensetzt.&nbsp;Trotz einer suggerierten Dokumentarhaftigkeit, wird die Frage nach dem Fremdsein auch in schelmenhafte Szenen \u00fcbertragen. Wie es in Transramonien aussehen k\u00f6nnte, erfahren wir durch Schaubudenarchitektur, Baupl\u00e4ne, Fotos und durch das Radio auch akustisch.&nbsp;M\u00f6glicherweise ist der Fremde aber nicht nur in der Fremde fremd, sondern auch im eigenen Haus.<\/p>\nngg_shortcode_0_placeholder\n<p><iframe loading=\"lazy\" title=\"Transramonien kl\" src=\"https:\/\/player.vimeo.com\/video\/115476456?dnt=1&amp;app_id=122963\" width=\"640\" height=\"360\" frameborder=\"0\" allow=\"autoplay; fullscreen\" allowfullscreen><\/iframe><\/p>\n<p>Radio Transramonien<br \/>\nText: Ka Bomhardt, Film: Angela Lubic, Sprecher: SirSerch<\/p>\nngg_shortcode_1_placeholder\n<p>Postkartenedition TRANSRAMONIEN<\/p>\n<p>&nbsp;<\/p>\n","protected":false},"excerpt":{"rendered":"<p>TRANSRAMONIEN Galerie Raskolnikow, Dresden,&nbsp;2007 \u201eDer Fremde ist nicht nur in der Fremde fremd,\u201c OTTTO frei nach Karl Valentin Unserer Ausstellungsidee ging eine gemeinsame Fahrradtour im Sommer 2006 durch den nahe &#8230;<\/p>\n","protected":false},"author":1,"featured_media":0,"parent":0,"menu_order":0,"comment_status":"closed","ping_status":"closed","template":"","meta":{"ngg_post_thumbnail":0},"_links":{"self":[{"href":"https:\/\/o-ttt-o.de\/index.php?rest_route=\/wp\/v2\/pages\/8"}],"collection":[{"href":"https:\/\/o-ttt-o.de\/index.php?rest_route=\/wp\/v2\/pages"}],"about":[{"href":"https:\/\/o-ttt-o.de\/index.php?rest_route=\/wp\/v2\/types\/page"}],"author":[{"embeddable":true,"href":"https:\/\/o-ttt-o.de\/index.php?rest_route=\/wp\/v2\/users\/1"}],"replies":[{"embeddable":true,"href":"https:\/\/o-ttt-o.de\/index.php?rest_route=%2Fwp%2Fv2%2Fcomments&post=8"}],"version-history":[{"count":28,"href":"https:\/\/o-ttt-o.de\/index.php?rest_route=\/wp\/v2\/pages\/8\/revisions"}],"predecessor-version":[{"id":503,"href":"https:\/\/o-ttt-o.de\/index.php?rest_route=\/wp\/v2\/pages\/8\/revisions\/503"}],"wp:attachment":[{"href":"https:\/\/o-ttt-o.de\/index.php?rest_route=%2Fwp%2Fv2%2Fmedia&parent=8"}],"curies":[{"name":"wp","href":"https:\/\/api.w.org\/{rel}","templated":true}]}}